{"id":510,"date":"2023-12-19T12:46:23","date_gmt":"2023-12-19T11:46:23","guid":{"rendered":"https:\/\/avanzaformacionyempleo.es\/?page_id=510"},"modified":"2024-09-04T11:44:58","modified_gmt":"2024-09-04T09:44:58","slug":"plataforma-2024","status":"publish","type":"page","link":"https:\/\/avanzaformandoaempresas.es\/index.php\/plataforma-2024\/","title":{"rendered":"Plataforma 2024"},"content":{"rendered":"<div class=\"wpb-content-wrapper\"><p>[vc_row][vc_column width=\u00bb1\/3&#8243;][\/vc_column][vc_column width=\u00bb1\/3&#8243;][vc_empty_space][vc_column_text]<\/p>\r\n<h2><\/h2>\r\n<h2 style=\"text-align: center;\">Acceso Plataforma<\/h2>\r\n<div class=\"subcontent loginsub\">\r\n<form id=\"login\" action=\"https:\/\/aula.recursosformativosonline.es\/aula\/app\" method=\"post\">\r\n<div class=\"loginform\">\r\n<div class=\"form-label\" style=\"text-align: center;\"><label for=\"username\">Nombre de usuario<\/label><\/div>\r\n<div class=\"form-input\" style=\"text-align: center;\"><input id=\"username\" name=\"username\" size=\"15\" type=\"text\" value=\"\" \/><\/div>\r\n<div class=\"clearer\"><\/div>\r\n<div class=\"form-label\" style=\"text-align: center;\"><label for=\"password\">Contrase\u00f1a<\/label><\/div>\r\n<div class=\"form-input\" style=\"text-align: center;\"><input id=\"password\" name=\"password\" size=\"15\" type=\"password\" value=\"\" \/><\/div>\r\n<\/div>\r\n<div class=\"clearer\"><\/div>\r\n<div class=\"rememberpass\" style=\"text-align: center;\"><input id=\"rememberusername\" name=\"rememberusername\" type=\"checkbox\" value=\"1\" \/>  <label for=\"rememberusername\">MARCAR PARA RECORDAR NOMBRE DE USUARIO<\/label><\/div>\r\n<div class=\"clearer\"><\/div>\r\n<p style=\"text-align: center;\"><input id=\"loginbtn\" type=\"submit\" value=\"Acceder\" \/><\/p>\r\n<div class=\"forgetpass\" style=\"text-align: center;\"><a href=\"https:\/\/aula.recursosformativosonline.es\/aula\/app#\">\u00bfOlvid\u00f3 su nombre de usuario o contrase\u00f1a?<\/a><\/div>\r\n<\/form>\r\n<p>[\/vc_column_text][\/vc_column][vc_column width=\u00bb1\/4&#8243;][\/vc_column][\/vc_row][vc_row][vc_column][vc_column_text]<!-- \/wp:post-content --><\/p>\r\n<p><!-- wp:shortcode -->[\/vc_column_text][\/vc_column][\/vc_row][vc_row][vc_column width=\u00bb1\/6&#8243;][\/vc_column][vc_column width=\u00bb2\/3&#8243;][vc_message message_box_color=\u00bbgrey\u00bb css=\u00bb\u00bb]<\/p>\r\n<p>Bienvenido al Campus Virtual de <b>AVANZA FORMANDO A EMPRESAS SL<\/b>. Es una plataforma inform\u00e1tica que proporciona un entorno virtual de aprendizaje para dar soporte a los estudiantes. Aqu\u00ed encontrar\u00e1s, adem\u00e1s de tu espacio personal, un espacio virtual para cada curso donde podr\u00e1s acceder a todos los materiales necesarios para trabajar con tus asignaturas. Desde <b>AVANZA FORMANDO A EMPRESAS SL<\/b> queremos animarte a que utilices y saques el m\u00e1ximo partido a esta herramienta. Si tienes alguna duda, necesitas cualquier aclaraci\u00f3n o quieres hacernos llegar una sugerencia h\u00e1znosla llegar a trav\u00e9s del <a href=\"https:\/\/avanzaformandoaempresas.es\/index.php\/contacto\/\">Formulario de contacto<\/a>.<\/p>\r\n<p>[\/vc_message][\/vc_column][vc_column width=\u00bb1\/6&#8243;][\/vc_column][\/vc_row][vc_row][vc_column][vc_column_text]<!-- \/wp:shortcode --><\/div>\r\n<p>[\/vc_column_text][\/vc_column][\/vc_row]<\/p>\r\n<\/div>","protected":false},"excerpt":{"rendered":"<p>[vc_row][vc_column width=\u00bb1\/3&#8243;][\/vc_column][vc_column width=\u00bb1\/3&#8243;][vc_empty_space][vc_column_text] Acceso Plataforma Nombre de usuario Contrase\u00f1a MARCAR PARA RECORDAR NOMBRE DE USUARIO \u00bfOlvid\u00f3 su nombre de usuario o contrase\u00f1a? [\/vc_column_text][\/vc_column][vc_column width=\u00bb1\/4&#8243;][\/vc_column][\/vc_row][vc_row][vc_column][vc_column_text] [\/vc_column_text][\/vc_column][\/vc_row][vc_row][vc_column width=\u00bb1\/6&#8243;][\/vc_column][vc_column width=\u00bb2\/3&#8243;][vc_message message_box_color=\u00bbgrey\u00bb css=\u00bb\u00bb] Bienvenido al Campus Virtual de AVANZA FORMANDO A EMPRESAS SL. Es una plataforma inform\u00e1tica que proporciona un entorno virtual de aprendizaje para dar soporte a los<\/p>\n","protected":false},"author":1,"featured_media":0,"parent":0,"menu_order":0,"comment_status":"closed","ping_status":"closed","template":"","meta":{"footnotes":""},"class_list":["post-510","page","type-page","status-publish","hentry","description-off"],"_links":{"self":[{"href":"https:\/\/avanzaformandoaempresas.es\/index.php\/wp-json\/wp\/v2\/pages\/510","targetHints":{"allow":["GET"]}}],"collection":[{"href":"https:\/\/avanzaformandoaempresas.es\/index.php\/wp-json\/wp\/v2\/pages"}],"about":[{"href":"https:\/\/avanzaformandoaempresas.es\/index.php\/wp-json\/wp\/v2\/types\/page"}],"author":[{"embeddable":true,"href":"https:\/\/avanzaformandoaempresas.es\/index.php\/wp-json\/wp\/v2\/users\/1"}],"replies":[{"embeddable":true,"href":"https:\/\/avanzaformandoaempresas.es\/index.php\/wp-json\/wp\/v2\/comments?post=510"}],"version-history":[{"count":3,"href":"https:\/\/avanzaformandoaempresas.es\/index.php\/wp-json\/wp\/v2\/pages\/510\/revisions"}],"predecessor-version":[{"id":13669,"href":"https:\/\/avanzaformandoaempresas.es\/index.php\/wp-json\/wp\/v2\/pages\/510\/revisions\/13669"}],"wp:attachment":[{"href":"https:\/\/avanzaformandoaempresas.es\/index.php\/wp-json\/wp\/v2\/media?parent=510"}],"curies":[{"name":"wp","href":"https:\/\/api.w.org\/{rel}","templated":true}]}}