{"id":489,"date":"2023-09-13T11:07:36","date_gmt":"2023-09-13T09:07:36","guid":{"rendered":"https:\/\/avanzaformacionyempleo.es\/?page_id=489"},"modified":"2025-09-24T08:33:13","modified_gmt":"2025-09-24T06:33:13","slug":"contacto","status":"publish","type":"page","link":"https:\/\/avanzaformandoaempresas.es\/index.php\/contacto\/","title":{"rendered":"Contacto"},"content":{"rendered":"<div class=\"wpb-content-wrapper\"><p>[vc_row][vc_column][\/vc_column][\/vc_row][vc_row][vc_column width=\u00bb1\/2&#8243;][vc_column_text css_animation=\u00bbbounceInUp\u00bb]<\/p>\n<h2><strong>\u00a1Escr\u00edbenos!<\/strong><\/h2>\n<div class=\"wpcf7 no-js\" id=\"wpcf7-f516-o1\" lang=\"es-ES\" dir=\"ltr\" data-wpcf7-id=\"516\">\n<div class=\"screen-reader-response\"><p role=\"status\" aria-live=\"polite\" aria-atomic=\"true\"><\/p> <ul><\/ul><\/div>\n<form action=\"\/index.php\/wp-json\/wp\/v2\/pages\/489#wpcf7-f516-o1\" method=\"post\" class=\"wpcf7-form init\" aria-label=\"Formulario de contacto\" novalidate=\"novalidate\" data-status=\"init\">\n<fieldset class=\"hidden-fields-container\"><input type=\"hidden\" name=\"_wpcf7\" value=\"516\" \/><input type=\"hidden\" name=\"_wpcf7_version\" value=\"6.1.5\" \/><input type=\"hidden\" name=\"_wpcf7_locale\" value=\"es_ES\" \/><input type=\"hidden\" name=\"_wpcf7_unit_tag\" value=\"wpcf7-f516-o1\" \/><input type=\"hidden\" name=\"_wpcf7_container_post\" value=\"0\" \/><input type=\"hidden\" name=\"_wpcf7_posted_data_hash\" value=\"\" \/><input type=\"hidden\" name=\"_wpcf7_recaptcha_response\" value=\"\" \/>\n<\/fieldset>\n<p>Nombre y Apellidos (Obligatorio)\n<\/p>\n<p><span class=\"wpcf7-form-control-wrap\" data-name=\"your-name\"><input size=\"40\" maxlength=\"400\" class=\"wpcf7-form-control wpcf7-text wpcf7-validates-as-required\" aria-required=\"true\" aria-invalid=\"false\" value=\"\" type=\"text\" name=\"your-name\" \/><\/span>\n<\/p>\n<p>Tel\u00e9fono (Obligatorio)\n<\/p>\n<p><span class=\"wpcf7-form-control-wrap\" data-name=\"tel-114\"><input size=\"40\" maxlength=\"400\" class=\"wpcf7-form-control wpcf7-tel wpcf7-validates-as-required wpcf7-text wpcf7-validates-as-tel\" aria-required=\"true\" aria-invalid=\"false\" value=\"\" type=\"tel\" name=\"tel-114\" \/><\/span>\n<\/p>\n<p>Email (Obligatorio)\n<\/p>\n<p><span class=\"wpcf7-form-control-wrap\" data-name=\"your-email\"><input size=\"40\" maxlength=\"400\" class=\"wpcf7-form-control wpcf7-email wpcf7-validates-as-required wpcf7-text wpcf7-validates-as-email\" aria-required=\"true\" aria-invalid=\"false\" value=\"\" type=\"email\" name=\"your-email\" \/><\/span>\n<\/p>\n<p> CIF\/DNI\n<\/p>\n<p><span class=\"wpcf7-form-control-wrap\" data-name=\"CIFEMPRESA-998\"><input size=\"40\" maxlength=\"400\" class=\"wpcf7-form-control wpcf7-text\" aria-invalid=\"false\" value=\"\" type=\"text\" name=\"CIFEMPRESA-998\" \/><\/span>\n<\/p>\n<p>Asunto\n<\/p>\n<p><span class=\"wpcf7-form-control-wrap\" data-name=\"your-subject\"><input size=\"40\" maxlength=\"400\" class=\"wpcf7-form-control wpcf7-text\" aria-invalid=\"false\" value=\"\" type=\"text\" name=\"your-subject\" \/><\/span>\n<\/p>\n<p>Su Mensaje\n<\/p>\n<p><span class=\"wpcf7-form-control-wrap\" data-name=\"your-message\"><textarea cols=\"40\" rows=\"10\" maxlength=\"2000\" class=\"wpcf7-form-control wpcf7-textarea\" aria-invalid=\"false\" name=\"your-message\"><\/textarea><\/span>\n<\/p>\n<p><input class=\"wpcf7-form-control wpcf7-submit has-spinner\" type=\"submit\" value=\"Enviar\" \/><span class=\"wpcf7-form-control-wrap\" data-name=\"acceptance-129\"><span class=\"wpcf7-form-control wpcf7-acceptance\"><span class=\"wpcf7-list-item\"><input type=\"checkbox\" name=\"acceptance-129\" value=\"1\" aria-invalid=\"false\" \/><\/span><\/span><\/span><a href=\"https:\/\/avanzaformandoaempresas.es\/politica-de-privacidad\/\"><strong> Acepto Pol\u00edtica de Privacidad<\/strong><\/a>\n<\/p>\n<p style=\"display: none !important;\" class=\"akismet-fields-container\" data-prefix=\"_wpcf7_ak_\"><label>&#916;<textarea name=\"_wpcf7_ak_hp_textarea\" cols=\"45\" rows=\"8\" maxlength=\"100\"><\/textarea><\/label><input type=\"hidden\" id=\"ak_js_1\" name=\"_wpcf7_ak_js\" value=\"192\"\/><script>\ndocument.getElementById( \"ak_js_1\" ).setAttribute( \"value\", ( new Date() ).getTime() );\n<\/script>\n<\/p><div class=\"wpcf7-response-output\" aria-hidden=\"true\"><\/div>\n<\/form>\n<\/div>\n[\/vc_column_text][\/vc_column][vc_column width=\u00bb1\/2&#8243;][vc_single_image image=\u00bb500&#8243; img_size=\u00bbfull\u00bb css_animation=\u00bbfadeInUp\u00bb][vc_message message_box_style=\u00bb3d\u00bb message_box_color=\u00bbgrey\u00bb css_animation=\u00bbfadeInDownBig\u00bb css=\u00bb\u00bb]<\/p>\n<p style=\"text-align: justify;\"><b>AVANZA FORMANDO A EMPRESAS SL<\/b> te informa que los datos de car\u00e1cter personal que nos proporcionaste rellenando el presente formulario tras aceptar nuestra pol\u00edtica de privacidad ser\u00e1n tratados por <b>AVANZA FORMANDO A EMPRESAS SL<\/b>\u00a0como responsable de esta web. La finalidad de la recogida y tratamiento de los datos personales que te solicitamos es para poder responder a la mayor brevedad posible tus preguntas, enviarte nuestras publicaciones, promociones de productos y\/o servicios y recursos exclusivos. La legitimaci\u00f3n se realiza a trav\u00e9s del consentimiento del interesado. Te informamos que los datos que nos facilitas estar\u00e1n ubicados en nuestros servidores. El hecho de que no introduzcas los datos de car\u00e1cter personal que aparecen en el formulario como obligatorios podr\u00e1 tener como consecuencia que no se pueda atender tu solicitud. Podr\u00e1s ejercer tus derechos de acceso, rectificaci\u00f3n, limitaci\u00f3n y suprimir los datos en <a href=\"mailto:info@avanzaformandoaempresas.es\"><strong>info@avanzaformandoaempresas.es<\/strong>\u00a0<\/a>as\u00ed como el derecho a presentar una reclamaci\u00f3n ante una autoridad de control. Puedes consultar la informaci\u00f3n adicional y detallada sobre Protecci\u00f3n de Datos en nuestra <a href=\"https:\/\/avanzaformandoaempresas.es\/index.php\/politica-de-privacidad\/\">POL\u00cdTICA DE PRIVACIDAD<\/a>.<\/p>\n<p>[\/vc_message][\/vc_column][\/vc_row][vc_row][vc_column][vc_gmaps link=\u00bb#E-8_JTNDaWZyYW1lJTIwc3JjJTNEJTIyaHR0cHMlM0ElMkYlMkZ3d3cuZ29vZ2xlLmNvbSUyRm1hcHMlMkZlbWJlZCUzRnBiJTNEJTIxMW0xOCUyMTFtMTIlMjExbTMlMjExZDMwMzcuMTc0MTcxMDIzNjIxJTIxMmQtMy43MTc1NTc1ODQ0MDgzMDQlMjEzZDQwLjQyNzE0MjA2MjkyOTU5JTIxMm0zJTIxMWYwJTIxMmYwJTIxM2YwJTIxM20yJTIxMWkxMDI0JTIxMmk3NjglMjE0ZjEzLjElMjEzbTMlMjExbTIlMjExczB4ZDQyMjg2ZjI4YWJkYWY5JTI1M0EweGI0YTczNzliZjI1YmRlMWYlMjEyc0NhbGxlJTI1MjBkZSUyNTIwRXZhcmlzdG8lMjUyMFNhbiUyNTIwTWlndWVsJTI1MkMlMjUyMDglMjUyQyUyNTIwMjgwMDglMjUyME1hZHJpZCUyMTVlMCUyMTNtMiUyMTFzZXMlMjEyc2VzJTIxNHYxNjAxODg4Mzk4NzYwJTIxNW0yJTIxMXNlcyUyMTJzZXMlMjIlMjB3aWR0aCUzRCUyMjYwMCUyMiUyMGhlaWdodCUzRCUyMjQ1MCUyMiUyMGZyYW1lYm9yZGVyJTNEJTIyMCUyMiUyMHN0eWxlJTNEJTIyYm9yZGVyJTNBMCUzQiUyMiUyMGFsbG93ZnVsbHNjcmVlbiUzRCUyMiUyMiUyMGFyaWEtaGlkZGVuJTNEJTIyZmFsc2UlMjIlMjB0YWJpbmRleCUzRCUyMjAlMjIlM0UlM0MlMkZpZnJhbWUlM0U=\u00bb css_animation=\u00bbfadeInDown\u00bb][\/vc_column][\/vc_row][vc_row][vc_column][\/vc_column][\/vc_row]<\/p>\n<\/div>","protected":false},"excerpt":{"rendered":"<p>[vc_row][vc_column][\/vc_column][\/vc_row][vc_row][vc_column width=\u00bb1\/2&#8243;][vc_column_text css_animation=\u00bbbounceInUp\u00bb] \u00a1Escr\u00edbenos! [\/vc_column_text][\/vc_column][vc_column width=\u00bb1\/2&#8243;][vc_single_image image=\u00bb500&#8243; img_size=\u00bbfull\u00bb css_animation=\u00bbfadeInUp\u00bb][vc_message message_box_style=\u00bb3d\u00bb message_box_color=\u00bbgrey\u00bb css_animation=\u00bbfadeInDownBig\u00bb css=\u00bb\u00bb] AVANZA FORMANDO A EMPRESAS SL te informa que los datos de car\u00e1cter personal que nos proporcionaste rellenando el presente formulario tras aceptar nuestra pol\u00edtica de privacidad ser\u00e1n tratados por AVANZA FORMANDO A EMPRESAS SL\u00a0como responsable de esta web. La finalidad de la<\/p>\n","protected":false},"author":1,"featured_media":0,"parent":0,"menu_order":0,"comment_status":"closed","ping_status":"closed","template":"","meta":{"footnotes":""},"class_list":["post-489","page","type-page","status-publish","hentry","description-off"],"_links":{"self":[{"href":"https:\/\/avanzaformandoaempresas.es\/index.php\/wp-json\/wp\/v2\/pages\/489","targetHints":{"allow":["GET"]}}],"collection":[{"href":"https:\/\/avanzaformandoaempresas.es\/index.php\/wp-json\/wp\/v2\/pages"}],"about":[{"href":"https:\/\/avanzaformandoaempresas.es\/index.php\/wp-json\/wp\/v2\/types\/page"}],"author":[{"embeddable":true,"href":"https:\/\/avanzaformandoaempresas.es\/index.php\/wp-json\/wp\/v2\/users\/1"}],"replies":[{"embeddable":true,"href":"https:\/\/avanzaformandoaempresas.es\/index.php\/wp-json\/wp\/v2\/comments?post=489"}],"version-history":[{"count":3,"href":"https:\/\/avanzaformandoaempresas.es\/index.php\/wp-json\/wp\/v2\/pages\/489\/revisions"}],"predecessor-version":[{"id":13696,"href":"https:\/\/avanzaformandoaempresas.es\/index.php\/wp-json\/wp\/v2\/pages\/489\/revisions\/13696"}],"wp:attachment":[{"href":"https:\/\/avanzaformandoaempresas.es\/index.php\/wp-json\/wp\/v2\/media?parent=489"}],"curies":[{"name":"wp","href":"https:\/\/api.w.org\/{rel}","templated":true}]}}