{"id":3,"date":"2024-07-10T10:14:16","date_gmt":"2024-07-10T08:14:16","guid":{"rendered":"http:\/\/avanzaformandoaempresas.es\/?page_id=3"},"modified":"2025-12-23T07:48:23","modified_gmt":"2025-12-23T06:48:23","slug":"politica-de-privacidad","status":"publish","type":"page","link":"https:\/\/avanzaformandoaempresas.es\/index.php\/politica-de-privacidad\/","title":{"rendered":"Politica de Privacidad"},"content":{"rendered":"\r\n<p>\u00bfQui\u00e9nes somos?<\/p>\r\n<p>La direcci\u00f3n de nuestro sitio web es: http:\/\/avanzaformandoaempresas.es.<\/p>\r\n<p>&nbsp;<\/p>\r\n<p>Comentarios<\/p>\r\n<p>Al dejar un comentario en nuestro sitio, se recopilan los datos introducidos en el formulario, as\u00ed como su direcci\u00f3n IP y la cadena de agente de usuario de su navegador para facilitar la detecci\u00f3n de spam.<\/p>\r\n<p>Es posible que se proporcione al servicio Gravatar una cadena an\u00f3nima (tambi\u00e9n llamada hash) creada a partir de su direcci\u00f3n de correo electr\u00f3nico para verificar si la est\u00e1 utilizando. La pol\u00edtica de privacidad del servicio Gravatar est\u00e1 disponible aqu\u00ed: https:\/\/automattic.com\/privacy\/. Tras la aprobaci\u00f3n de su comentario, su foto de perfil ser\u00e1 visible p\u00fablicamente en el contexto del mismo.<\/p>\r\n<p>&nbsp;<\/p>\r\n<p>Medios<\/p>\r\n<p>Si sube im\u00e1genes al sitio, le recomendamos evitar subir im\u00e1genes con datos de ubicaci\u00f3n incrustados (GPS EXIF). Los visitantes de su sitio pueden descargar y extraer cualquier dato de ubicaci\u00f3n de estas im\u00e1genes.<\/p>\r\n<p>&nbsp;<\/p>\r\n<p>Cookies<\/p>\r\n<p>Texto sugerido: Si deja un comentario en nuestro sitio, puede optar por guardar su nombre, direcci\u00f3n de correo electr\u00f3nico y sitio web en cookies. Esto es para su comodidad, para que no tenga que volver a introducir esta informaci\u00f3n al dejar otro comentario. Estas cookies caducan al cabo de un a\u00f1o.<\/p>\r\n<p>Si visita la p\u00e1gina de inicio de sesi\u00f3n, se instalar\u00e1 una cookie temporal para determinar si su navegador acepta cookies. Esta cookie no contiene datos personales y se elimina al cerrar el navegador.<\/p>\r\n<p>Al iniciar sesi\u00f3n, instalaremos varias cookies para guardar su informaci\u00f3n de inicio de sesi\u00f3n y sus opciones de visualizaci\u00f3n de pantalla. Las cookies de inicio de sesi\u00f3n duran dos d\u00edas y las de opciones de pantalla, un a\u00f1o. Si selecciona \u00abRecordarme\u00bb, su cookie de inicio de sesi\u00f3n se almacenar\u00e1 durante dos semanas. Si cierra sesi\u00f3n, la cookie de inicio de sesi\u00f3n se eliminar\u00e1.<\/p>\r\n<p>Al editar o publicar una publicaci\u00f3n, se guardar\u00e1 una cookie adicional en su navegador. Esta cookie no contiene datos personales. Simplemente indica el ID de la publicaci\u00f3n que acaba de editar. Caduca al cabo de un d\u00eda.<\/p>\r\n<p>&nbsp;<\/p>\r\n<p>Contenido incrustado de otros sitios web<\/p>\r\n<p>Los art\u00edculos de este sitio pueden incluir contenido incrustado (p. ej., v\u00eddeos, im\u00e1genes, art\u00edculos, etc.). El contenido incrustado de otros sitios web se comporta exactamente igual que si el visitante hubiera visitado el otro sitio web.<\/p>\r\n<p>Estos sitios web pueden recopilar datos sobre usted, utilizar cookies, integrar herramientas de seguimiento de terceros y rastrear su interacci\u00f3n con este contenido incrustado si tiene una cuenta y ha iniciado sesi\u00f3n en su sitio web.<\/p>\r\n<p>&nbsp;<\/p>\r\n<p>Con qui\u00e9n compartimos sus datos<\/p>\r\n<p>Si solicita un restablecimiento de contrase\u00f1a, su direcci\u00f3n IP se incluir\u00e1 en el correo electr\u00f3nico de restablecimiento.<\/p>\r\n<p>&nbsp;<\/p>\r\n<p>Durante cu\u00e1nto tiempo conservamos sus datos<\/p>\r\n<p>Si deja un comentario, este y sus metadatos se conservan indefinidamente. Esto nos permite reconocer y aprobar autom\u00e1ticamente los comentarios posteriores en lugar de mantenerlos en cola de moderaci\u00f3n.<\/p>\r\n<p>De los usuarios que se registran en nuestro sitio (si los hay), tambi\u00e9n almacenamos la informaci\u00f3n personal que proporcionan en su perfil de usuario. Todos los usuarios pueden ver, editar o eliminar su informaci\u00f3n personal en cualquier momento (excepto su nombre de usuario). Los administradores del sitio web tambi\u00e9n pueden ver y editar dicha informaci\u00f3n.<\/p>\r\n<p>&nbsp;<\/p>\r\n<p>Sus derechos sobre sus datos<\/p>\r\n<p>Si tiene una cuenta o ha dejado comentarios en el sitio, puede solicitar un archivo con los datos personales que tenemos sobre usted, incluyendo cualquier dato que nos haya proporcionado. Tambi\u00e9n puede solicitar que eliminemos cualquier dato personal que tengamos sobre usted. Esto no incluye los datos que estemos obligados a conservar con fines administrativos, legales o de seguridad.<\/p>\r\n<p>&nbsp;<\/p>\r\n<p>D\u00f3nde compartimos sus datos personales<\/p>\r\n<p>Los comentarios de los visitantes pueden revisarse mediante un servicio autom\u00e1tico de detecci\u00f3n de spam.<\/p>\r\n","protected":false},"excerpt":{"rendered":"<p>\u00bfQui\u00e9nes somos? La direcci\u00f3n de nuestro sitio web es: http:\/\/avanzaformandoaempresas.es. &nbsp; Comentarios Al dejar un comentario en nuestro sitio, se recopilan los datos introducidos en el formulario, as\u00ed como su direcci\u00f3n IP y la cadena de agente de usuario de su navegador para facilitar la detecci\u00f3n de spam. Es posible que se proporcione al servicio<\/p>\n","protected":false},"author":1,"featured_media":0,"parent":0,"menu_order":0,"comment_status":"closed","ping_status":"open","template":"","meta":{"footnotes":""},"class_list":["post-3","page","type-page","status-publish","hentry","description-off"],"_links":{"self":[{"href":"https:\/\/avanzaformandoaempresas.es\/index.php\/wp-json\/wp\/v2\/pages\/3","targetHints":{"allow":["GET"]}}],"collection":[{"href":"https:\/\/avanzaformandoaempresas.es\/index.php\/wp-json\/wp\/v2\/pages"}],"about":[{"href":"https:\/\/avanzaformandoaempresas.es\/index.php\/wp-json\/wp\/v2\/types\/page"}],"author":[{"embeddable":true,"href":"https:\/\/avanzaformandoaempresas.es\/index.php\/wp-json\/wp\/v2\/users\/1"}],"replies":[{"embeddable":true,"href":"https:\/\/avanzaformandoaempresas.es\/index.php\/wp-json\/wp\/v2\/comments?post=3"}],"version-history":[{"count":4,"href":"https:\/\/avanzaformandoaempresas.es\/index.php\/wp-json\/wp\/v2\/pages\/3\/revisions"}],"predecessor-version":[{"id":13695,"href":"https:\/\/avanzaformandoaempresas.es\/index.php\/wp-json\/wp\/v2\/pages\/3\/revisions\/13695"}],"wp:attachment":[{"href":"https:\/\/avanzaformandoaempresas.es\/index.php\/wp-json\/wp\/v2\/media?parent=3"}],"curies":[{"name":"wp","href":"https:\/\/api.w.org\/{rel}","templated":true}]}}